{"id":1077,"date":"2022-08-05T12:53:25","date_gmt":"2022-08-05T12:53:25","guid":{"rendered":"https:\/\/www.choicesclinic.net\/para-hombres\/"},"modified":"2024-03-21T14:08:59","modified_gmt":"2024-03-21T14:08:59","slug":"para-hombres","status":"publish","type":"page","link":"https:\/\/www.choicesclinic.net\/es\/para-hombres\/","title":{"rendered":"Para hombres"},"content":{"rendered":"\n<p>Superar\u00e1s este viaje paso a paso. Nuestro compasivo equipo est\u00e1 aqu\u00ed para responder a tus preguntas e inquietudes a lo largo del proceso. Podemos acompa\u00f1arte y ayudarte a informarte sobre tus opciones y mucho m\u00e1s.<\/p>\n\n<p>Pruebas <\/p>\n\n<h2 class=\"wp-block-heading\">Procesamiento de las noticias <\/h2>\n\n<p>Es dif\u00edcil apoyar a tu pareja si t\u00fa mismo te saltas las noticias. Puede que tengas sentimientos encontrados por lo que est\u00e1 por venir. Antes de intentar consolar a tu pareja, es mejor que proceses la noticia por tu cuenta o con alguien de confianza. Acl\u00e1rate antes de intentar resolver tambi\u00e9n las emociones y pensamientos de tu pareja.<\/p>\n\n<p>Lo que hagas a continuaci\u00f3n depende de ti, pero debes saber que tienes el poder de elegir ser padre si quieres. Tambi\u00e9n tienes las opciones de la adopci\u00f3n y el aborto. En \u00faltima instancia, tu pareja tendr\u00e1 la \u00faltima palabra a la hora de decidir el embarazo.<\/p>\n\n<h2 class=\"wp-block-heading\">\u00bfC\u00f3mo apoyas a tu pareja?<\/h2>\n\n<p>Es probable que tu pareja est\u00e9 experimentando emociones similares a las tuyas en este momento. Habla con tu pareja para ver c\u00f3mo se encuentra, qu\u00e9 necesita y c\u00f3mo puedes apoyarla en estos momentos dif\u00edciles. Escuchar es importante para tu pareja, ya que puede que seas el \u00fanico que la apoye.<\/p>\n\n<p>Intenta tambi\u00e9n dar tiempo y espacio a tu pareja cuando lo necesite. Cuando llegue el momento, preg\u00fantale cu\u00e1l es el siguiente paso que deb\u00e9is dar juntos. Decidid recorrer este camino en equipo.<\/p>\n\n<h2 class=\"wp-block-heading\">Asistencia gratuita y confidencial<\/h2>\n\n<p>En Choices Clinic, ofrecemos servicios gratuitos y confidenciales de confirmaci\u00f3n del embarazo y apoyo para que puedas sentirte seguro durante su camino hacia el embarazo.<\/p>\n\n<p>Antes de tomar una decisi\u00f3n definitiva sobre el embarazo, aseg\u00farete de que se haga una prueba de embarazo y reciba una ecograf\u00eda de calidad de laboratorio en nuestro centro hoy mismo. Despu\u00e9s, podemos asegurarle los detalles de su embarazo y sus opciones para seguir adelante.<\/p>\n\n<p>Ofrecemos apoyo y servicios para hombres, como pruebas y tratamiento de ITS, clases en l\u00ednea para padres y mucho m\u00e1s.<\/p>\n\n<p>Concierta <a href=\"https:\/\/www.choicesclinic.net\/es\/pongase-en-contacto-con\/\">una cita gratuita y confidencial <\/a>con nosotros hoy mismo para obtener m\u00e1s informaci\u00f3n.<\/p>\n","protected":false},"excerpt":{"rendered":"<p>\u00bfEst\u00e1 embarazada tu pareja? Antes de intentar consolar a tu pareja, es mejor que proceses la noticia por tu cuenta o con alguien de confianza. Ofrecemos apoyo y servicios para hombres, como pruebas y tratamiento de ITS, clases en l\u00ednea para padres y mucho m\u00e1s.<\/p>\n","protected":false},"author":1,"featured_media":1008,"parent":0,"menu_order":0,"comment_status":"closed","ping_status":"closed","template":"","meta":{"_acf_changed":false,"footnotes":""},"class_list":["post-1077","page","type-page","status-publish","has-post-thumbnail","hentry"],"acf":[],"_links":{"self":[{"href":"https:\/\/www.choicesclinic.net\/es\/wp-json\/wp\/v2\/pages\/1077","targetHints":{"allow":["GET"]}}],"collection":[{"href":"https:\/\/www.choicesclinic.net\/es\/wp-json\/wp\/v2\/pages"}],"about":[{"href":"https:\/\/www.choicesclinic.net\/es\/wp-json\/wp\/v2\/types\/page"}],"author":[{"embeddable":true,"href":"https:\/\/www.choicesclinic.net\/es\/wp-json\/wp\/v2\/users\/1"}],"replies":[{"embeddable":true,"href":"https:\/\/www.choicesclinic.net\/es\/wp-json\/wp\/v2\/comments?post=1077"}],"version-history":[{"count":5,"href":"https:\/\/www.choicesclinic.net\/es\/wp-json\/wp\/v2\/pages\/1077\/revisions"}],"predecessor-version":[{"id":1191,"href":"https:\/\/www.choicesclinic.net\/es\/wp-json\/wp\/v2\/pages\/1077\/revisions\/1191"}],"wp:featuredmedia":[{"embeddable":true,"href":"https:\/\/www.choicesclinic.net\/es\/wp-json\/wp\/v2\/media\/1008"}],"wp:attachment":[{"href":"https:\/\/www.choicesclinic.net\/es\/wp-json\/wp\/v2\/media?parent=1077"}],"curies":[{"name":"wp","href":"https:\/\/api.w.org\/{rel}","templated":true}]}}