{"id":1073,"date":"2022-11-30T23:00:33","date_gmt":"2022-11-30T23:00:33","guid":{"rendered":"https:\/\/www.choicesclinic.net\/servicios\/recuperacion-del-duelo-por-aborto\/"},"modified":"2026-04-09T20:35:55","modified_gmt":"2026-04-09T20:35:55","slug":"recuperacion-del-duelo-por-aborto","status":"publish","type":"page","link":"https:\/\/www.choicesclinic.net\/es\/servicios\/recuperacion-del-duelo-por-aborto\/","title":{"rendered":"Recuperaci\u00f3n del duelo por aborto"},"content":{"rendered":"\n<p>Los s\u00edntomas de estr\u00e9s postraum\u00e1tico que pueden producirse por el aborto pueden aparecer inmediatamente despu\u00e9s del trauma del aborto, o pueden aflorar varios a\u00f1os despu\u00e9s del aborto. No es necesario padecer cada uno de estos s\u00edntomas para estar sufriendo un Trauma Post-Aborto. A continuaci\u00f3n se enumeran los s\u00edntomas emocionales y psicol\u00f3gicos que afectan a muchas mujeres que han abortado:<\/p>\n\n<p>Ataques de llanto<br\/>Depresi\u00f3n<br\/>Culpa<br\/>Incapacidad para perdonarte a ti misma<br\/>Pena\/tristeza intensa<br\/>Ira\/c\u00f3lera<br\/>Adormecimiento emocional<br\/>Problemas sexuales o promiscuidad<br\/>Trastornos alimentarios<br\/>Baja autoestima<br\/>Abuso de drogas y alcohol<br\/>Pesadillas y trastornos del sue\u00f1o<br\/>Impulsos suicidas<br\/>Dificultades con relaciones<br\/>Ansiedad y ataques de p\u00e1nico<br\/>Flashbacks<br\/>Abortos m\u00faltiples<br\/>Patr\u00f3n de repetici\u00f3n de crisis de embarazo<br\/>Molestias cerca de beb\u00e9s o mujeres embarazadas<br\/>Miedo\/ambivalencia al embarazo<\/p>\n\n<p>Si sufres alguno de estos s\u00edntomas debido a un aborto, hay ayuda disponible. Choices ofrece una clase gratuita y totalmente confidencial de recuperaci\u00f3n del duelo por aborto que puede ayudarte. Todos los libros y materiales son gratuitos. Para m\u00e1s informaci\u00f3n sobre el estudio, llama al 833-773-3001 o puedes enviarnos un correo electr\u00f3nico a agr@choicesclinic.net.<\/p>\n","protected":false},"excerpt":{"rendered":"<p>Muchas mujeres y hombres experimentan s\u00edntomas psicol\u00f3gicos, f\u00edsicos y espirituales similares a los de cualquier trastorno de estr\u00e9s postraum\u00e1tico tras sufrir un aborto. Choices ofrece una clase de recuperaci\u00f3n del duelo por aborto gratuita y totalmente confidencial que puede ayudarte en tu curaci\u00f3n y recuperaci\u00f3n.<\/p>\n","protected":false},"author":2,"featured_media":991,"parent":1044,"menu_order":6,"comment_status":"closed","ping_status":"closed","template":"","meta":{"_acf_changed":false,"footnotes":""},"class_list":["post-1073","page","type-page","status-publish","has-post-thumbnail","hentry"],"acf":[],"_links":{"self":[{"href":"https:\/\/www.choicesclinic.net\/es\/wp-json\/wp\/v2\/pages\/1073","targetHints":{"allow":["GET"]}}],"collection":[{"href":"https:\/\/www.choicesclinic.net\/es\/wp-json\/wp\/v2\/pages"}],"about":[{"href":"https:\/\/www.choicesclinic.net\/es\/wp-json\/wp\/v2\/types\/page"}],"author":[{"embeddable":true,"href":"https:\/\/www.choicesclinic.net\/es\/wp-json\/wp\/v2\/users\/2"}],"replies":[{"embeddable":true,"href":"https:\/\/www.choicesclinic.net\/es\/wp-json\/wp\/v2\/comments?post=1073"}],"version-history":[{"count":4,"href":"https:\/\/www.choicesclinic.net\/es\/wp-json\/wp\/v2\/pages\/1073\/revisions"}],"predecessor-version":[{"id":1420,"href":"https:\/\/www.choicesclinic.net\/es\/wp-json\/wp\/v2\/pages\/1073\/revisions\/1420"}],"up":[{"embeddable":true,"href":"https:\/\/www.choicesclinic.net\/es\/wp-json\/wp\/v2\/pages\/1044"}],"wp:featuredmedia":[{"embeddable":true,"href":"https:\/\/www.choicesclinic.net\/es\/wp-json\/wp\/v2\/media\/991"}],"wp:attachment":[{"href":"https:\/\/www.choicesclinic.net\/es\/wp-json\/wp\/v2\/media?parent=1073"}],"curies":[{"name":"wp","href":"https:\/\/api.w.org\/{rel}","templated":true}]}}