{"id":1068,"date":"2022-08-15T15:47:17","date_gmt":"2022-08-15T15:47:17","guid":{"rendered":"https:\/\/www.choicesclinic.net\/servicios\/pruebas-y-tratamiento-de-its\/"},"modified":"2024-03-19T16:56:31","modified_gmt":"2024-03-19T16:56:31","slug":"pruebas-y-tratamiento-de-its","status":"publish","type":"page","link":"https:\/\/www.choicesclinic.net\/es\/servicios\/pruebas-y-tratamiento-de-its\/","title":{"rendered":"Pruebas y tratamiento de ITS"},"content":{"rendered":"\n<h2 class=\"wp-block-heading\">\u00bfQu\u00e9 son las ITS?<\/h2>\n\n<p>Una ITS (infecci\u00f3n de transmisi\u00f3n sexual) es una infecci\u00f3n que no presenta signos ni s\u00edntomas f\u00edsicos. Se contrae de otra persona infectada a trav\u00e9s de la actividad sexual. Se convierte en una ETS (Enfermedad de Transmisi\u00f3n Sexual) cuando aparecen los s\u00edntomas. <\/p>\n\n<p>Es importante recordar que no todas las personas infectadas presentar\u00e1n signos o s\u00edntomas. El problema es que algunas de estas ETS pueden causar muchos da\u00f1os y pueden transmitirse a tu pareja sin que lo sepas. No es necesario tener s\u00edntomas para ser contagiosa; se puede transmitir la enfermedad en cualquier momento.<\/p>\n\n<h2 class=\"wp-block-heading\">Tipos de ITS<\/h2>\n\n<p>Existen tres categor\u00edas principales de <a href=\"https:\/\/www.mayoclinic.org\/diseases-conditions\/sexually-transmitted-diseases-stds\/symptoms-causes\/syc-20351240\">ITS<\/a>. Entre ellas figuran:<\/p>\n\n<ol class=\"wp-block-list\"><li>ITS bacterianas, como la gonorrea, la clamidia y la s\u00edfilis.<\/li><li>ITS parasitarias, como la tricomoniasis o la sarna.<\/li><li>ITS v\u00edricas, como el herpes genital o el VPH.<\/li><\/ol>\n<h2 class=\"wp-block-heading\">Prevenci\u00f3n de las ITS<\/h2>\n\n<p>\u00bfSab\u00edas que algunas ITS pueden contagiarse a trav\u00e9s de todas las formas de sexo? Los preservativos no son tan eficaces como la mayor\u00eda cree para prevenir el contagio de las ITS. El uso del preservativo durante las relaciones sexuales puede reducir el riesgo de transmitir o contraer determinadas ITS, pero nunca elimina el riesgo por completo.<\/p>\n\n<p>El uso sistem\u00e1tico del preservativo el 100% de las veces durante las relaciones sexuales vaginales reduce el riesgo de:<\/p>\n\n<p>* VIH en un 85<br\/>* Gonorrea en un 50% aproximadamente<br\/>* Clamidia en un 50% aproximadamente<br\/>* Herpes en un 50%<br\/>* S\u00edfilis en un 50% aproximadamente<br\/>* VPH en un 50% o menos<\/p>\n\n<p>Se han realizado pocos estudios para comprobar si el preservativo reduce el riesgo de ITS, incluido el VIH, durante el sexo oral o anal. Abstenerse de mantener relaciones sexuales es la \u00fanica garant\u00eda al 100% para evitar un embarazo y contraer una ITS. Si crees que no est\u00e1s preparada para mantener relaciones sexuales, o si no quieres ponerte en riesgo de embarazo o de contraer una ITS, la abstinencia es tu mejor opci\u00f3n.<\/p>\n\n<h2 class=\"wp-block-heading\">Haz la prueba hoy mismo<\/h2>\n\n<p>Hacerse la prueba de una ITS no tiene nada de vergonzoso: es lo m\u00e1s sensato. Hacerse las pruebas y recibir tratamiento para las ITS es seguro, asequible y esencial para la salud a largo plazo. Ofrecemos pruebas y tratamiento de clamidia y gonorrea.<\/p>\n\n<p><a href=\"https:\/\/www.choicesclinic.net\/es\/pongase-en-contacto-con\/\">Cont\u00e1ctanos<\/a> hoy mismo para someterte a las pruebas y recibir tratamiento si es necesario. Estamos a tu disposici\u00f3n.<\/p>\n","protected":false},"excerpt":{"rendered":"<p>Hacerse la prueba de una ITS no tiene nada de vergonzoso: es lo m\u00e1s sensato. Hacerse las pruebas y recibir tratamiento para las ITS es seguro, asequible y esencial para la salud a largo plazo. Cont\u00e1ctanos hoy mismo para someterte a las pruebas.<\/p>\n","protected":false},"author":1,"featured_media":1034,"parent":1044,"menu_order":3,"comment_status":"closed","ping_status":"closed","template":"","meta":{"_acf_changed":false,"footnotes":""},"class_list":["post-1068","page","type-page","status-publish","has-post-thumbnail","hentry"],"acf":[],"_links":{"self":[{"href":"https:\/\/www.choicesclinic.net\/es\/wp-json\/wp\/v2\/pages\/1068","targetHints":{"allow":["GET"]}}],"collection":[{"href":"https:\/\/www.choicesclinic.net\/es\/wp-json\/wp\/v2\/pages"}],"about":[{"href":"https:\/\/www.choicesclinic.net\/es\/wp-json\/wp\/v2\/types\/page"}],"author":[{"embeddable":true,"href":"https:\/\/www.choicesclinic.net\/es\/wp-json\/wp\/v2\/users\/1"}],"replies":[{"embeddable":true,"href":"https:\/\/www.choicesclinic.net\/es\/wp-json\/wp\/v2\/comments?post=1068"}],"version-history":[{"count":3,"href":"https:\/\/www.choicesclinic.net\/es\/wp-json\/wp\/v2\/pages\/1068\/revisions"}],"predecessor-version":[{"id":1128,"href":"https:\/\/www.choicesclinic.net\/es\/wp-json\/wp\/v2\/pages\/1068\/revisions\/1128"}],"up":[{"embeddable":true,"href":"https:\/\/www.choicesclinic.net\/es\/wp-json\/wp\/v2\/pages\/1044"}],"wp:featuredmedia":[{"embeddable":true,"href":"https:\/\/www.choicesclinic.net\/es\/wp-json\/wp\/v2\/media\/1034"}],"wp:attachment":[{"href":"https:\/\/www.choicesclinic.net\/es\/wp-json\/wp\/v2\/media?parent=1068"}],"curies":[{"name":"wp","href":"https:\/\/api.w.org\/{rel}","templated":true}]}}