{"id":1066,"date":"2022-08-15T16:50:11","date_gmt":"2022-08-15T16:50:11","guid":{"rendered":"https:\/\/www.choicesclinic.net\/servicios\/servicios-de-apoyo\/"},"modified":"2024-03-19T17:01:02","modified_gmt":"2024-03-19T17:01:02","slug":"servicios-de-apoyo","status":"publish","type":"page","link":"https:\/\/www.choicesclinic.net\/es\/servicios\/servicios-de-apoyo\/","title":{"rendered":"Servicios de apoyo"},"content":{"rendered":"\n<h2 class=\"wp-block-heading\">Asistencia material<\/h2>\n\n<p>Estamos aqu\u00ed para echarte una mano cuando se trate de art\u00edculos relacionados con el beb\u00e9. Nuestro centro ofrece ayuda material gratuita que incluye art\u00edculos como pa\u00f1ales, toallitas, ropa de beb\u00e9, etc.<\/p>\n\n<p>Cont\u00e1ctanos para conocer la lista completa de art\u00edculos que ofrecemos y resolver tus dudas. Estaremos encantados de ayudarte.<\/p>\n\n<h2 class=\"wp-block-heading\">Clases para padres<\/h2>\n\n<p>Nuestro equipo de Choices Clinic est\u00e1 aqu\u00ed para informarte mejor si decides ser padre. Te ponemos en contacto con los recursos y el apoyo que necesitas para criar bien a tus hijos.<\/p>\n\n<p>Ofrecemos clases de crianza para que te sientas preparada para lo que est\u00e1 por venir. Habla hoy mismo con nuestro equipo para obtener m\u00e1s informaci\u00f3n sobre el apoyo a la crianza que ofrecemos, totalmente gratuito y confidencial.<\/p>\n\n<p><a href=\"https:\/\/www.choicesclinic.net\/es\/pongase-en-contacto-con\/\">Concierta<\/a> una cita para m\u00e1s informaci\u00f3n.<\/p>\n","protected":false},"excerpt":{"rendered":"<p>Ofrecemos apoyo material gratuito, clases de crianza y mucho m\u00e1s para que puedas avanzar con confianza en tu viaje por el embarazo. Cont\u00e1ctanos para obtener m\u00e1s informaci\u00f3n.<\/p>\n","protected":false},"author":1,"featured_media":1023,"parent":1044,"menu_order":4,"comment_status":"closed","ping_status":"closed","template":"","meta":{"_acf_changed":false,"footnotes":""},"class_list":["post-1066","page","type-page","status-publish","has-post-thumbnail","hentry"],"acf":[],"_links":{"self":[{"href":"https:\/\/www.choicesclinic.net\/es\/wp-json\/wp\/v2\/pages\/1066","targetHints":{"allow":["GET"]}}],"collection":[{"href":"https:\/\/www.choicesclinic.net\/es\/wp-json\/wp\/v2\/pages"}],"about":[{"href":"https:\/\/www.choicesclinic.net\/es\/wp-json\/wp\/v2\/types\/page"}],"author":[{"embeddable":true,"href":"https:\/\/www.choicesclinic.net\/es\/wp-json\/wp\/v2\/users\/1"}],"replies":[{"embeddable":true,"href":"https:\/\/www.choicesclinic.net\/es\/wp-json\/wp\/v2\/comments?post=1066"}],"version-history":[{"count":3,"href":"https:\/\/www.choicesclinic.net\/es\/wp-json\/wp\/v2\/pages\/1066\/revisions"}],"predecessor-version":[{"id":1130,"href":"https:\/\/www.choicesclinic.net\/es\/wp-json\/wp\/v2\/pages\/1066\/revisions\/1130"}],"up":[{"embeddable":true,"href":"https:\/\/www.choicesclinic.net\/es\/wp-json\/wp\/v2\/pages\/1044"}],"wp:featuredmedia":[{"embeddable":true,"href":"https:\/\/www.choicesclinic.net\/es\/wp-json\/wp\/v2\/media\/1023"}],"wp:attachment":[{"href":"https:\/\/www.choicesclinic.net\/es\/wp-json\/wp\/v2\/media?parent=1066"}],"curies":[{"name":"wp","href":"https:\/\/api.w.org\/{rel}","templated":true}]}}