{"id":1061,"date":"2020-06-05T07:27:11","date_gmt":"2020-06-05T07:27:11","guid":{"rendered":"https:\/\/www.choicesclinic.net\/sus-opciones\/adopcion\/"},"modified":"2024-03-19T15:04:07","modified_gmt":"2024-03-19T15:04:07","slug":"adopcion","status":"publish","type":"page","link":"https:\/\/www.choicesclinic.net\/es\/sus-opciones\/adopcion\/","title":{"rendered":"Adopci\u00f3n"},"content":{"rendered":"\n<p>La noticia de un embarazo no planificado puede parecer aterradora debido a tus circunstancias vitales, tu situaci\u00f3n econ\u00f3mica o muchas otras situaciones. No est\u00e1s sola.<\/p>\n\n<p>Con la adopci\u00f3n, tienes m\u00faltiples opciones, aunque no es una elecci\u00f3n f\u00e1cil de tomar. Nuestro cari\u00f1oso equipo de Choices Clinic est\u00e1 a tu disposici\u00f3n para ayudarte a decidir si la adopci\u00f3n es adecuada para ti.<\/p>\n\n<p>La adopci\u00f3n podr\u00eda ser una opci\u00f3n para ti si est\u00e1s pensando&#8230;<\/p>\n\n<ul class=\"wp-block-list\">\n<li>No quieres abortar, pero tampoco est\u00e1s preparada para ser madre<\/li>\n\n\n\n<li>Criar a un hijo no encaja en tu situaci\u00f3n vital<\/li>\n\n\n\n<li>Deseas un entorno econ\u00f3mica y emocionalmente estable para tu hijo<\/li>\n<\/ul>\n\n<h2 class=\"wp-block-heading\">\u00bfEs la adopci\u00f3n para m\u00ed?<\/h2>\n\n<p>La adopci\u00f3n nunca es una elecci\u00f3n sencilla, ya que toda elecci\u00f3n de embarazo conlleva dificultades. Muchas mujeres tienen ideas preconcebidas sobre esta elecci\u00f3n, pero el proceso de adopci\u00f3n ha cambiado dr\u00e1sticamente con los a\u00f1os. La madre biol\u00f3gica tiene la \u00faltima palabra en muchos pasos del proceso.<\/p>\n\n<p>Como madre biol\u00f3gica, eliges un plan de adopci\u00f3n que funcione para ti y tu hijo. <\/p>\n\n<h2 class=\"wp-block-heading\">Los distintos planes de adopci\u00f3n<\/h2>\n\n<p>\u00bfQu\u00e9 perspectivas de futuro tiene la adopci\u00f3n para ti y tu hijo? \u00bfQuieres participar en la vida de tu hijo? \u00bfQuieres seguir en contacto con la familia adoptiva? Todas estas son preguntas que entran en juego a la hora de decidir tu plan de adopci\u00f3n.<\/p>\n\n<h3 class=\"wp-block-heading\">Adopci\u00f3n abierta<\/h3>\n\n<p>La adopci\u00f3n abierta es el tipo de adopci\u00f3n m\u00e1s com\u00fan, ya que es el m\u00e1s flexible. <\/p>\n\n<p>Si quieres conocer a tu hijo y que te conozca, la adopci\u00f3n abierta es tu plan. La adopci\u00f3n abierta te permite a ti y a la familia adoptiva obtener los datos de identificaci\u00f3n del otro, incluidos nombres, direcciones y n\u00fameros de tel\u00e9fono. Lleg\u00e1is a un acuerdo sobre el grado de comunicaci\u00f3n y contacto que mantendr\u00e9is.<\/p>\n\n<h3 class=\"wp-block-heading\">Adopci\u00f3n cerrada<\/h3>\n\n<p>Si no desea conocer a tu hijo, una adopci\u00f3n cerrada puede ser para ti. Con la adopci\u00f3n cerrada, permaneces en el anonimato y no tienes ning\u00fan contacto con la familia adoptiva ni con tu hijo. Todos los datos identificativos se mantienen en secreto y el certificado de nacimiento original se sella.<\/p>\n\n<h3 class=\"wp-block-heading\">Adopci\u00f3n semiabierta<\/h3>\n\n<p>Si quieres una mezcla de adopci\u00f3n abierta y cerrada, la adopci\u00f3n semiabierta podr\u00eda ser lo tuyo. Si deseas permanecer en el anonimato, pero quieres seguir conociendo a tu hijo y a la familia adoptiva, la adopci\u00f3n semiabierta se lo permite. Puedes tener contacto con la familia adoptiva, pero el contacto se gestiona a trav\u00e9s de un tercero.<\/p>\n\n<h2 class=\"wp-block-heading\">Tienes la \u00faltima palabra<\/h2>\n\n<p>En \u00faltima instancia, t\u00fa tienes la \u00faltima palabra en la elecci\u00f3n de tu embarazo. Nuestro equipo, que no emite juicios de valor, est\u00e1 a tu disposici\u00f3n si deseas hablar hoy mismo sobre esta opci\u00f3n. Tambi\u00e9n podemos ponerte en contacto con los recursos necesarios si optas por la adopci\u00f3n.<\/p>\n\n<p>Concierta hoy mismo una cita gratuita y confidencial con nosotros. <\/p>\n","protected":false},"excerpt":{"rendered":"<p>Con la adopci\u00f3n, tienes m\u00faltiples opciones, aunque no es una elecci\u00f3n f\u00e1cil de tomar. Nuestro cari\u00f1oso equipo de Choices Clinic est\u00e1 a tu disposici\u00f3n para ayudarte a decidir si la adopci\u00f3n es adecuada para ti. No est\u00e1s sola en tu decisi\u00f3n.<\/p>\n","protected":false},"author":1,"featured_media":1024,"parent":1043,"menu_order":2,"comment_status":"closed","ping_status":"closed","template":"","meta":{"_acf_changed":false,"footnotes":""},"class_list":["post-1061","page","type-page","status-publish","has-post-thumbnail","hentry"],"acf":[],"_links":{"self":[{"href":"https:\/\/www.choicesclinic.net\/es\/wp-json\/wp\/v2\/pages\/1061","targetHints":{"allow":["GET"]}}],"collection":[{"href":"https:\/\/www.choicesclinic.net\/es\/wp-json\/wp\/v2\/pages"}],"about":[{"href":"https:\/\/www.choicesclinic.net\/es\/wp-json\/wp\/v2\/types\/page"}],"author":[{"embeddable":true,"href":"https:\/\/www.choicesclinic.net\/es\/wp-json\/wp\/v2\/users\/1"}],"replies":[{"embeddable":true,"href":"https:\/\/www.choicesclinic.net\/es\/wp-json\/wp\/v2\/comments?post=1061"}],"version-history":[{"count":8,"href":"https:\/\/www.choicesclinic.net\/es\/wp-json\/wp\/v2\/pages\/1061\/revisions"}],"predecessor-version":[{"id":1120,"href":"https:\/\/www.choicesclinic.net\/es\/wp-json\/wp\/v2\/pages\/1061\/revisions\/1120"}],"up":[{"embeddable":true,"href":"https:\/\/www.choicesclinic.net\/es\/wp-json\/wp\/v2\/pages\/1043"}],"wp:featuredmedia":[{"embeddable":true,"href":"https:\/\/www.choicesclinic.net\/es\/wp-json\/wp\/v2\/media\/1024"}],"wp:attachment":[{"href":"https:\/\/www.choicesclinic.net\/es\/wp-json\/wp\/v2\/media?parent=1061"}],"curies":[{"name":"wp","href":"https:\/\/api.w.org\/{rel}","templated":true}]}}