{"id":1058,"date":"2020-06-05T07:26:27","date_gmt":"2020-06-05T07:26:27","guid":{"rendered":"https:\/\/www.choicesclinic.net\/sus-opciones\/aborto\/"},"modified":"2024-03-19T13:50:35","modified_gmt":"2024-03-19T13:50:35","slug":"aborto","status":"publish","type":"page","link":"https:\/\/www.choicesclinic.net\/es\/sus-opciones\/aborto\/","title":{"rendered":"Aborto"},"content":{"rendered":"\n<p>Si est\u00e1s considerando la opci\u00f3n del aborto, debes informarte sobre los distintos procedimientos y comprender los riesgos que conlleva. Aclara esta elecci\u00f3n para tomar una decisi\u00f3n empoderada. El aborto es un procedimiento m\u00e9dico serio que puede afectar a tu futuro. <\/p>\n\n<h2 class=\"wp-block-heading\">Aborto m\u00e9dico<\/h2>\n\n<p>Tambi\u00e9n llamado \u00abpastilla abortiva,\u00bb el aborto m\u00e9dico es un procedimiento abortivo que incluye dos tipos de f\u00e1rmacos: mifepristona y misoprostol. El primer f\u00e1rmaco, la mifepristona, se toma normalmente en una consulta m\u00e9dica, y el segundo, el misoprostol, en casa. Estos f\u00e1rmacos act\u00faan conjuntamente para interrumpir un embarazo existente.<\/p>\n\n<h4 class=\"wp-block-heading\"><a href=\"https:\/\/www.mayoclinic.org\/tests-procedures\/medical-abortion\/about\/pac-20394687\">Riesgos<\/a> del aborto m\u00e9dico:<\/h4>\n\n<ul class=\"wp-block-list\"><li>Aborto incompleto, que puede requerir un procedimiento quir\u00fargico<\/li><li>Infecci\u00f3n<\/li><li>Fiebre<\/li><li>Un embarazo no deseado continuado si el procedimiento no funciona<\/li><li>Hemorragia intensa y prolongada<\/li><li>Molestias del aparato digestivo<\/li><\/ul>\n<h2 class=\"wp-block-heading\">Aborto quir\u00fargico<\/h2>\n\n<p>Existen dos tipos principales de aborto quir\u00fargico: Dilataci\u00f3n y Evacuaci\u00f3n (D &amp; E) y Dilataci\u00f3n y Legrado (D &amp; C). Cada procedimiento abortivo dilata el cuello uterino y utiliza la aspiraci\u00f3n al vac\u00edo y herramientas quir\u00fargicas para extraer el embarazo del \u00fatero. <\/p>\n\n<p>El aborto quir\u00fargico se realiza en una cl\u00ednica abortista. Es imprescindible que entiendas los riesgos del aborto quir\u00fargico antes de seguir adelante.<\/p>\n\n<h4 class=\"wp-block-heading\"><a href=\"https:\/\/www.mayoclinic.org\/tests-procedures\/dilation-and-curettage\/about\/pac-20384910\">Riesgos<\/a> del aborto quir\u00fargico:<\/h4>\n\n<ul class=\"wp-block-list\"><li>Infecci\u00f3n<\/li><li>Hemorragia intensa <\/li><li>Perforaci\u00f3n del \u00fatero<\/li><li>Da\u00f1os en el cuello uterino<\/li><li>Tejido cicatricial en la pared uterina<\/li><\/ul>\n<h2 class=\"wp-block-heading\">Confirme tu embarazo<\/h2>\n\n<p>Para asegurarte de que est\u00e1s realmente embarazada y de que tu embarazo es viable, concierta con nosotros una cita gratuita y confidencial para realizarte la prueba de embarazo. Una vez que recibas un resultado positivo en la prueba de embarazo, el siguiente paso es una ecograf\u00eda. <\/p>\n\n<p>Te ofrecemos todos nuestros servicios de embarazo sin costo alguno para que puedas obtener la claridad y el apoyo que necesitas.<\/p>\n","protected":false},"excerpt":{"rendered":"<p>Si est\u00e1s considerando la opci\u00f3n del aborto, debes informarte sobre los distintos procedimientos y comprender los riesgos que conlleva. Aclara esta elecci\u00f3n para tomar una decisi\u00f3n empoderada. El aborto es un procedimiento m\u00e9dico serio que puede afectar a tu futuro. <\/p>\n","protected":false},"author":1,"featured_media":1021,"parent":1043,"menu_order":1,"comment_status":"closed","ping_status":"closed","template":"","meta":{"_acf_changed":false,"footnotes":""},"class_list":["post-1058","page","type-page","status-publish","has-post-thumbnail","hentry"],"acf":[],"_links":{"self":[{"href":"https:\/\/www.choicesclinic.net\/es\/wp-json\/wp\/v2\/pages\/1058","targetHints":{"allow":["GET"]}}],"collection":[{"href":"https:\/\/www.choicesclinic.net\/es\/wp-json\/wp\/v2\/pages"}],"about":[{"href":"https:\/\/www.choicesclinic.net\/es\/wp-json\/wp\/v2\/types\/page"}],"author":[{"embeddable":true,"href":"https:\/\/www.choicesclinic.net\/es\/wp-json\/wp\/v2\/users\/1"}],"replies":[{"embeddable":true,"href":"https:\/\/www.choicesclinic.net\/es\/wp-json\/wp\/v2\/comments?post=1058"}],"version-history":[{"count":3,"href":"https:\/\/www.choicesclinic.net\/es\/wp-json\/wp\/v2\/pages\/1058\/revisions"}],"predecessor-version":[{"id":1110,"href":"https:\/\/www.choicesclinic.net\/es\/wp-json\/wp\/v2\/pages\/1058\/revisions\/1110"}],"up":[{"embeddable":true,"href":"https:\/\/www.choicesclinic.net\/es\/wp-json\/wp\/v2\/pages\/1043"}],"wp:featuredmedia":[{"embeddable":true,"href":"https:\/\/www.choicesclinic.net\/es\/wp-json\/wp\/v2\/media\/1021"}],"wp:attachment":[{"href":"https:\/\/www.choicesclinic.net\/es\/wp-json\/wp\/v2\/media?parent=1058"}],"curies":[{"name":"wp","href":"https:\/\/api.w.org\/{rel}","templated":true}]}}