{"id":1057,"date":"2020-06-05T07:23:27","date_gmt":"2020-06-05T07:23:27","guid":{"rendered":"https:\/\/www.choicesclinic.net\/servicios\/pruebas-de-embarazo\/"},"modified":"2024-03-19T15:18:47","modified_gmt":"2024-03-19T15:18:47","slug":"pruebas-de-embarazo","status":"publish","type":"page","link":"https:\/\/www.choicesclinic.net\/es\/servicios\/pruebas-de-embarazo\/","title":{"rendered":"Pruebas de embarazo"},"content":{"rendered":"\n<p>\u00bfCrees que est\u00e1s embarazada? Sabemos que la noticia de un embarazo no planificado puede parecer demasiado. Pero antes de hacer planes para el futuro, las pruebas de embarazo son esenciales.<\/p>\n\n<h2 class=\"wp-block-heading\">S\u00edntomas comunes del embarazo<\/h2>\n\n<p>Es posible que experimentes m\u00faltiples s\u00edntomas de embarazo en el primer trimestre. Estos son algunos de los <a target=\"_blank\" href=\"https:\/\/www.mayoclinic.org\/healthy-lifestyle\/getting-pregnant\/in-depth\/symptoms-of-pregnancy\/art-20043853\" rel=\"noreferrer noopener\">s\u00edntomas<\/a> m\u00e1s comunes que podr\u00edan indicar un embarazo:<\/p>\n\n<ul class=\"wp-block-list\"><li>Fatiga<\/li><li>Senos sensibles e hinchados<\/li><li>N\u00e1useas con o sin v\u00f3mitos<\/li><li>Aumento de la micci\u00f3n<\/li><li>Mal humor<\/li><li>Aversiones alimentarias<\/li><\/ul>\n<p>Las pruebas de embarazo son el primer paso para confirmar un embarazo no planificado. Encuentra la tranquilidad que necesitas con nuestras pruebas de embarazo con calidad de laboratorio hoy mismo en nuestra cl\u00ednica. Las ofrecemos gratuitamente y son totalmente confidenciales.<\/p>\n\n<h2 class=\"wp-block-heading\">\u00bfCu\u00e1ndo debo hacerme una prueba de embarazo?<\/h2>\n\n<p>\u00bfCu\u00e1ndo es demasiado pronto para hacerse una prueba de embarazo? Para evitar resultados imprecisos, debes esperar al menos una semana despu\u00e9s de la falta. Si a\u00fan no est\u00e1s segura de tus resultados, acude a nuestro centro para aclararte.<\/p>\n\n<h2 class=\"wp-block-heading\">\u00bfQu\u00e9 ocurre si la prueba de embarazo es positiva?<\/h2>\n\n<p>As\u00ed que&#8230;obtienes un resultado positivo en la prueba de embarazo en casa y en nuestro centro. \u00bfY ahora qu\u00e9? Para estar segura de la viabilidad de tu embarazo, el siguiente paso para confirmarlo es una ecograf\u00eda.<\/p>\n\n<p>Una ecograf\u00eda tambi\u00e9n determinar\u00e1 cu\u00e1nto tiempo llevas de embarazo y si tienes alguna posible complicaci\u00f3n.<\/p>\n\n<h2 class=\"wp-block-heading\">Conoce tus opciones<\/h2>\n\n<p>Si has recibido un resultado positivo en una prueba de embarazo, podemos ayudarte. Puede que temas no tener el apoyo que necesitas, o que est\u00e9s estudiando y no sepas qu\u00e9 hacer a continuaci\u00f3n. Aunque tienes preguntas, tambi\u00e9n tienes opciones. <\/p>\n\n<p>Habla hoy mismo con nosotros sobre las tres opciones de embarazo: adopci\u00f3n, aborto y paternidad. Estamos aqu\u00ed para ayudarte en tu embarazo y te ofrecemos apoyo gratuito y confidencial.<\/p>\n\n<p>Para empezar, <a target=\"_blank\" href=\"https:\/\/www.choicesclinic.net\/es\/pongase-en-contacto-con\/\" rel=\"noreferrer noopener\">concierta<\/a> hoy mismo una cita gratuita y confidencial con nuestro equipo para una prueba de embarazo. Podemos ayudarte.<\/p>\n","protected":false},"excerpt":{"rendered":"<p>Las pruebas de embarazo son el primer paso para confirmar un embarazo no planificado. Encuentra la tranquilidad que necesitas con nuestras pruebas de embarazo con calidad de laboratorio hoy mismo en nuestro centro. Las ofrecemos de forma gratuita y completamente confidencial.<\/p>\n","protected":false},"author":1,"featured_media":1022,"parent":1044,"menu_order":1,"comment_status":"closed","ping_status":"closed","template":"","meta":{"_acf_changed":false,"footnotes":""},"class_list":["post-1057","page","type-page","status-publish","has-post-thumbnail","hentry"],"acf":[],"_links":{"self":[{"href":"https:\/\/www.choicesclinic.net\/es\/wp-json\/wp\/v2\/pages\/1057","targetHints":{"allow":["GET"]}}],"collection":[{"href":"https:\/\/www.choicesclinic.net\/es\/wp-json\/wp\/v2\/pages"}],"about":[{"href":"https:\/\/www.choicesclinic.net\/es\/wp-json\/wp\/v2\/types\/page"}],"author":[{"embeddable":true,"href":"https:\/\/www.choicesclinic.net\/es\/wp-json\/wp\/v2\/users\/1"}],"replies":[{"embeddable":true,"href":"https:\/\/www.choicesclinic.net\/es\/wp-json\/wp\/v2\/comments?post=1057"}],"version-history":[{"count":3,"href":"https:\/\/www.choicesclinic.net\/es\/wp-json\/wp\/v2\/pages\/1057\/revisions"}],"predecessor-version":[{"id":1123,"href":"https:\/\/www.choicesclinic.net\/es\/wp-json\/wp\/v2\/pages\/1057\/revisions\/1123"}],"up":[{"embeddable":true,"href":"https:\/\/www.choicesclinic.net\/es\/wp-json\/wp\/v2\/pages\/1044"}],"wp:featuredmedia":[{"embeddable":true,"href":"https:\/\/www.choicesclinic.net\/es\/wp-json\/wp\/v2\/media\/1022"}],"wp:attachment":[{"href":"https:\/\/www.choicesclinic.net\/es\/wp-json\/wp\/v2\/media?parent=1057"}],"curies":[{"name":"wp","href":"https:\/\/api.w.org\/{rel}","templated":true}]}}