{"id":1056,"date":"2020-06-05T07:24:34","date_gmt":"2020-06-05T07:24:34","guid":{"rendered":"https:\/\/www.choicesclinic.net\/servicios\/informacion-sobre-el-aborto\/"},"modified":"2024-03-19T17:11:13","modified_gmt":"2024-03-19T17:11:13","slug":"informacion-sobre-el-aborto","status":"publish","type":"page","link":"https:\/\/www.choicesclinic.net\/es\/servicios\/informacion-sobre-el-aborto\/","title":{"rendered":"Informaci\u00f3n sobre el aborto"},"content":{"rendered":"\n<p>Para muchas mujeres, el aborto es un acontecimiento que les cambia la vida, con importantes efectos f\u00edsicos y emocionales. <\/p>\n\n<h2 class=\"wp-block-heading\"><strong>Procedimientos de aborto<\/strong><\/h2>\n\n<h3 class=\"wp-block-heading\"><strong>Aborto farmacol\u00f3gico RU486 (pastilla abortiva)<\/strong><\/h3>\n\n<p>Este medicamento s\u00f3lo est\u00e1 aprobado por la Food &amp; Drug Administration para su uso en mujeres hasta el d\u00eda 49 despu\u00e9s de su \u00faltimo per\u00edodo menstrual; sin embargo, se utiliza com\u00fanmente \u00abfuera de etiqueta\u00bb hasta 63 d\u00edas. Este procedimiento suele requerir tres visitas a la consulta. En la primera visita, la mujer recibe pastillas para provocar la muerte del feto. Dos d\u00edas despu\u00e9s, si el feto no ha sido expulsado de su cuerpo, se administra a la mujer un segundo f\u00e1rmaco (misoprostol) para conseguirlo. Una o dos semanas despu\u00e9s, se realiza una evaluaci\u00f3n para determinar si se ha completado el procedimiento.<\/p>\n\n<h3 class=\"wp-block-heading\">Aborto por aspiraci\u00f3n en el primer trimestre <\/h3>\n\n<p>Este tipo de aborto quir\u00fargico se realiza a lo largo del primer trimestre. Dependiendo del proveedor y del coste, se ofrecen diversos grados de control del dolor, desde anestesia local hasta anestesia general completa. En los embarazos muy precoces (4-7 semanas FUR), suele administrarse anestesia local. A continuaci\u00f3n, se introduce un tubo largo y fino en el \u00fatero. Se conecta una jeringa grande al tubo y se aspira el embri\u00f3n.<\/p>\n\n<h3 class=\"wp-block-heading\">Dilataci\u00f3n y evacuaci\u00f3n (D &amp; E)<\/h3>\n\n<p>Este aborto quir\u00fargico se realiza durante el segundo trimestre del embarazo. En este procedimiento, el cuello uterino debe abrirse m\u00e1s que en un aborto del primer trimestre porque el feto es m\u00e1s grande. A veces, se utilizan otros medicamentos orales o vaginales para ablandar a\u00fan m\u00e1s el cuello uterino. El d\u00eda de la intervenci\u00f3n, tras la administraci\u00f3n de anestesia (local o general), se abre el cuello uterino y se utiliza un dispositivo de succi\u00f3n, junto con f\u00f3rceps y otras herramientas para extraer el embarazo.<\/p>\n\n<h3 class=\"wp-block-heading\"><strong>Dilataci\u00f3n y Evacuaci\u00f3n (D &amp; E) Tras Viabilidad Potencial<\/strong><\/h3>\n\n<p>Cuando el aborto se realiza en un momento en el que es posible un nacimiento con vida, se administran inyecciones para provocar la muerte del feto. Esto se hace para cumplir la ley federal, que exige que el feto est\u00e9 muerto antes de extraerlo completamente del cuerpo de la madre. Los medicamentos (digoxina y cloruro pot\u00e1sico) se inyectan en el l\u00edquido amni\u00f3tico, en el cord\u00f3n umbilical o directamente en el coraz\u00f3n del feto. El resto del procedimiento es igual al descrito anteriormente.<\/p>\n\n<h2 class=\"wp-block-heading\"><strong>Impacto emocional y psicol\u00f3gico<\/strong><\/h2>\n\n<p>Tras el aborto, muchas mujeres experimentan un alivio inicial. La crisis percibida ha terminado y la vida vuelve a la normalidad. Para muchas mujeres, sin embargo, la crisis no ha terminado. Meses e incluso a\u00f1os despu\u00e9s, surgen problemas importantes. Hay pruebas de que el aborto se asocia a una disminuci\u00f3n de la salud emocional y f\u00edsica, a largo plazo.<\/p>\n\n<p>Muchos estudios han demostrado que el aborto est\u00e1 relacionado con&#8230;<br\/>-Depresi\u00f3n cl\u00ednica<br\/>-Abuso de drogas y alcohol<br\/>-Trastorno de estr\u00e9s postraum\u00e1tico <br\/>-Suicidio<\/p>\n\n<p>Si deseas m\u00e1s informaci\u00f3n sobre el aborto, habla hoy mismo con nuestro equipo. Estamos aqu\u00ed para ayudarte a decidir cu\u00e1l es el siguiente paso en tu embarazo.<\/p>\n","protected":false},"excerpt":{"rendered":"<p>Para muchas mujeres, el aborto es un acontecimiento que les cambia la vida, con importantes efectos f\u00edsicos y emocionales. Si deseas m\u00e1s informaci\u00f3n sobre el aborto, habla hoy mismo con nuestro equipo. Estamos aqu\u00ed para ayudarte a decidir cu\u00e1l es el siguiente paso en tu embarazo.<\/p>\n","protected":false},"author":1,"featured_media":1030,"parent":1044,"menu_order":5,"comment_status":"closed","ping_status":"closed","template":"","meta":{"_acf_changed":false,"footnotes":""},"class_list":["post-1056","page","type-page","status-publish","has-post-thumbnail","hentry"],"acf":[],"_links":{"self":[{"href":"https:\/\/www.choicesclinic.net\/es\/wp-json\/wp\/v2\/pages\/1056","targetHints":{"allow":["GET"]}}],"collection":[{"href":"https:\/\/www.choicesclinic.net\/es\/wp-json\/wp\/v2\/pages"}],"about":[{"href":"https:\/\/www.choicesclinic.net\/es\/wp-json\/wp\/v2\/types\/page"}],"author":[{"embeddable":true,"href":"https:\/\/www.choicesclinic.net\/es\/wp-json\/wp\/v2\/users\/1"}],"replies":[{"embeddable":true,"href":"https:\/\/www.choicesclinic.net\/es\/wp-json\/wp\/v2\/comments?post=1056"}],"version-history":[{"count":3,"href":"https:\/\/www.choicesclinic.net\/es\/wp-json\/wp\/v2\/pages\/1056\/revisions"}],"predecessor-version":[{"id":1132,"href":"https:\/\/www.choicesclinic.net\/es\/wp-json\/wp\/v2\/pages\/1056\/revisions\/1132"}],"up":[{"embeddable":true,"href":"https:\/\/www.choicesclinic.net\/es\/wp-json\/wp\/v2\/pages\/1044"}],"wp:featuredmedia":[{"embeddable":true,"href":"https:\/\/www.choicesclinic.net\/es\/wp-json\/wp\/v2\/media\/1030"}],"wp:attachment":[{"href":"https:\/\/www.choicesclinic.net\/es\/wp-json\/wp\/v2\/media?parent=1056"}],"curies":[{"name":"wp","href":"https:\/\/api.w.org\/{rel}","templated":true}]}}