{"id":1051,"date":"2020-02-19T13:37:47","date_gmt":"2020-02-19T13:37:47","guid":{"rendered":"https:\/\/www.choicesclinic.net\/embarazada\/"},"modified":"2024-03-21T13:53:03","modified_gmt":"2024-03-21T13:53:03","slug":"embarazada","status":"publish","type":"page","link":"https:\/\/www.choicesclinic.net\/es\/embarazada\/","title":{"rendered":"\u00bfEmbarazada?"},"content":{"rendered":"\n<p>Un embarazo puede ser alarmante para muchas mujeres, sobre todo si no tienes intenci\u00f3n de criar un hijo en este momento. Puede que tengas dudas, miedos y muchas preocupaciones sobre el embarazo.<\/p>\n\n<p>Puede que te resulte dif\u00edcil responder a algunas de las preguntas que te vienen a la cabeza en este momento, como&#8230;<\/p>\n\n<ul class=\"wp-block-list\"><li>\u00bfQui\u00e9n me apoyar\u00e1?<\/li><li>\u00bfSoy econ\u00f3micamente capaz de criar a un ni\u00f1o?<\/li><li>\u00bfQui\u00e9n es el padre?<\/li><li>\u00bfQu\u00e9 pensar\u00e1n mis padres y amigos?<\/li><li>\u00bfPuedo seguir estudiando mientras estoy embarazada?<\/li><\/ul>\n<p>Todas tus preguntas sobre el embarazo son v\u00e1lidas e importantes. Habla con el equipo de Choices Clinic, que te apoyar\u00e1 y no te juzgar\u00e1, para saber cu\u00e1l es el siguiente paso en tu embarazo. Puedes hacerlo.<\/p>\n\n<h2 class=\"wp-block-heading\">S\u00edntomas comunes del embarazo<\/h2>\n\n<p>Puedes tener uno o varios s\u00edntomas de embarazo precoz. Los s\u00edntomas comunes del embarazo incluyen:<\/p>\n\n<ul class=\"wp-block-list\"><li>Senos sensibles e hinchados<\/li><li>Falta de menstruaci\u00f3n<\/li><li>Micci\u00f3n frecuente<\/li><li>Fatiga<\/li><li>N\u00e1useas con o sin v\u00f3mitos<\/li><li>Aversiones alimentarias<\/li><li>Mal humor<\/li><\/ul>\n<p>Si experimentas uno o varios de estos s\u00edntomas de embarazo, es posible que est\u00e9s embarazada. Si la ausencia del periodo es normal para ti y no est\u00e1s segura de si est\u00e1s embarazada, confirma tu estado de embarazo con nosotros hoy mismo.<\/p>\n\n<h2 class=\"wp-block-heading\">\u00bfQu\u00e9 sigue para mi embarazo?<\/h2>\n\n<p>Confirma que est\u00e1s embarazada con nuestras pruebas de embarazo y ecograf\u00edas gratuitas y confidenciales. Aunque una prueba de embarazo positiva es un gran primer paso, no basta para verificar los detalles vitales de un embarazo. Una ecograf\u00eda verificar\u00e1 si tienes un embarazo viable, cu\u00e1nto tiempo llevas de gestaci\u00f3n y la localizaci\u00f3n de tu embarazo.<\/p>\n\n<p><a href=\"https:\/\/www.choicesclinic.net\/es\/pongase-en-contacto-con\/\">Concierta<\/a> una cita con nosotros para una prueba de embarazo. Estamos aqu\u00ed para servirte.<\/p>\n","protected":false},"excerpt":{"rendered":"<p>Un embarazo puede ser alarmante para muchas mujeres, sobre todo si no tienes intenci\u00f3n de criar un hijo en este momento. Puede que tengas dudas, miedos y muchas preocupaciones sobre el embarazo. Puede que te resulte dif\u00edcil responder a algunas de las preguntas que te vienen a la cabeza en este momento, como&#8230; \u00bfQui\u00e9n me<\/p>\n","protected":false},"author":1,"featured_media":1022,"parent":0,"menu_order":0,"comment_status":"closed","ping_status":"closed","template":"","meta":{"_acf_changed":false,"footnotes":""},"class_list":["post-1051","page","type-page","status-publish","has-post-thumbnail","hentry"],"acf":[],"_links":{"self":[{"href":"https:\/\/www.choicesclinic.net\/es\/wp-json\/wp\/v2\/pages\/1051","targetHints":{"allow":["GET"]}}],"collection":[{"href":"https:\/\/www.choicesclinic.net\/es\/wp-json\/wp\/v2\/pages"}],"about":[{"href":"https:\/\/www.choicesclinic.net\/es\/wp-json\/wp\/v2\/types\/page"}],"author":[{"embeddable":true,"href":"https:\/\/www.choicesclinic.net\/es\/wp-json\/wp\/v2\/users\/1"}],"replies":[{"embeddable":true,"href":"https:\/\/www.choicesclinic.net\/es\/wp-json\/wp\/v2\/comments?post=1051"}],"version-history":[{"count":3,"href":"https:\/\/www.choicesclinic.net\/es\/wp-json\/wp\/v2\/pages\/1051\/revisions"}],"predecessor-version":[{"id":1107,"href":"https:\/\/www.choicesclinic.net\/es\/wp-json\/wp\/v2\/pages\/1051\/revisions\/1107"}],"wp:featuredmedia":[{"embeddable":true,"href":"https:\/\/www.choicesclinic.net\/es\/wp-json\/wp\/v2\/media\/1022"}],"wp:attachment":[{"href":"https:\/\/www.choicesclinic.net\/es\/wp-json\/wp\/v2\/media?parent=1051"}],"curies":[{"name":"wp","href":"https:\/\/api.w.org\/{rel}","templated":true}]}}